{"id":3427,"date":"2019-10-19T12:14:55","date_gmt":"2019-10-19T10:14:55","guid":{"rendered":"https:\/\/mediation-roffler.ch\/cms\/?page_id=3427"},"modified":"2025-12-15T10:48:52","modified_gmt":"2025-12-15T09:48:52","slug":"portrait","status":"publish","type":"page","link":"https:\/\/mediation-roffler.ch\/cms\/portrait\/","title":{"rendered":"Portrait"},"content":{"rendered":"\n<style type=\"text\/css\" data-created_by=\"avia_inline_auto\" id=\"style-css-av-ki2di-c28657104fa53b0615c6bd962acc8dca\">\n.avia-section.av-ki2di-c28657104fa53b0615c6bd962acc8dca{\nbackground-repeat:no-repeat;\nbackground-image:url(https:\/\/mediation-roffler.ch\/cms\/wp-content\/uploads\/2019\/10\/IMG_1095-1-509x1030.jpg);\nbackground-position:100% 0%;\nbackground-attachment:scroll;\n}\n<\/style>\n<div id='av_section_1'  class='avia-section av-ki2di-c28657104fa53b0615c6bd962acc8dca main_color avia-section-default avia-no-border-styling  avia-builder-el-0  avia-builder-el-no-sibling  avia-bg-style-scroll container_wrap fullsize'  data-section-bg-repeat='no-repeat'><div class='container av-section-cont-open' ><main  role=\"main\" itemprop=\"mainContentOfPage\"  class='template-page content  av-content-full alpha units'><div class='post-entry post-entry-type-page post-entry-3427'><div class='entry-content-wrapper clearfix'>\n\n<style type=\"text\/css\" data-created_by=\"avia_inline_auto\" id=\"style-css-av-e38ym-f449b519a4fc4e9f33c965b531d4e02c\">\n.flex_column.av-e38ym-f449b519a4fc4e9f33c965b531d4e02c{\nborder-radius:0px 0px 0px 0px;\npadding:0px 0px 0px 0px;\nbackground-color:rgba(255,255,255,0.3);\n}\n<\/style>\n<div  class='flex_column av-e38ym-f449b519a4fc4e9f33c965b531d4e02c av_two_third  avia-builder-el-1  el_before_av_one_half  avia-builder-el-first  first av-break-at-tablet flex_column_div av-zero-column-padding  '     ><p>\n<style type=\"text\/css\" data-created_by=\"avia_inline_auto\" id=\"style-css-av-vq2rby-7510b8f202872c1115f3154401b0813a\">\n#top .hr.hr-invisible.av-vq2rby-7510b8f202872c1115f3154401b0813a{\nheight:100px;\n}\n<\/style>\n<div  class='hr av-vq2rby-7510b8f202872c1115f3154401b0813a hr-invisible  avia-builder-el-2  el_before_av_textblock  avia-builder-el-first  av-mini-hide'><span class='hr-inner '><span class=\"hr-inner-style\"><\/span><\/span><\/div><br \/>\n<section  class='av_textblock_section av-k1w970kz-e82900995e71ec9623dd7a1fcac6a4d9 '   itemscope=\"itemscope\" itemtype=\"https:\/\/schema.org\/CreativeWork\" ><div class='avia_textblock'  itemprop=\"text\" ><h1>Ich liebe Bewegung.<\/h1>\n<\/div><\/section><br \/>\n\n<style type=\"text\/css\" data-created_by=\"avia_inline_auto\" id=\"style-css-av-vq2rby-7-5ffe3b8f4300837b6167e32d907f17d4\">\n#top .hr.av-vq2rby-7-5ffe3b8f4300837b6167e32d907f17d4{\nmargin-top:15px;\nmargin-bottom:0px;\n}\n.hr.av-vq2rby-7-5ffe3b8f4300837b6167e32d907f17d4 .hr-inner{\nwidth:50px;\nborder-color:#b0b0b0;\n}\n<\/style>\n<div  class='hr av-vq2rby-7-5ffe3b8f4300837b6167e32d907f17d4 hr-custom  avia-builder-el-4  el_after_av_textblock  el_before_av_hr  hr-left hr-icon-no'><span class='hr-inner inner-border-av-border-fat'><span class=\"hr-inner-style\"><\/span><\/span><\/div><br \/>\n\n<style type=\"text\/css\" data-created_by=\"avia_inline_auto\" id=\"style-css-av-vq2rby-6-f3602256c50799232a492a1ba26d67d7\">\n#top .hr.hr-invisible.av-vq2rby-6-f3602256c50799232a492a1ba26d67d7{\nheight:25px;\n}\n<\/style>\n<div  class='hr av-vq2rby-6-f3602256c50799232a492a1ba26d67d7 hr-invisible  avia-builder-el-5  el_after_av_hr  el_before_av_image '><span class='hr-inner '><span class=\"hr-inner-style\"><\/span><\/span><\/div><br \/>\n\n<style type=\"text\/css\" data-created_by=\"avia_inline_auto\" id=\"style-css-av-k2itmuk5-881ecb16141e9ccbd83f046e3201ec87\">\n.avia-image-container.av-k2itmuk5-881ecb16141e9ccbd83f046e3201ec87 img.avia_image{\nbox-shadow:none;\n}\n.avia-image-container.av-k2itmuk5-881ecb16141e9ccbd83f046e3201ec87 .av-image-caption-overlay-center{\ncolor:#ffffff;\n}\n<\/style>\n<div  class='avia-image-container av-k2itmuk5-881ecb16141e9ccbd83f046e3201ec87 av-styling- avia-align-left  avia-builder-el-6  el_after_av_hr  el_before_av_hr '   itemprop=\"image\" itemscope=\"itemscope\" itemtype=\"https:\/\/schema.org\/ImageObject\" ><div class=\"avia-image-container-inner\"><div class=\"avia-image-overlay-wrap\"><img decoding=\"async\" fetchpriority=\"high\" class='wp-image-3991 avia-img-lazy-loading-not-3991 avia_image ' src=\"https:\/\/mediation-roffler.ch\/cms\/wp-content\/uploads\/2020\/07\/Sanna-Mediation-Roffler-Bildvorschl\u00e4ge-Portr\u00e4t-mit-Velo-G_51n_wA-1500x1000.jpeg\" alt='Mediation Roffler' title='Beatrice Roffler'  height=\"1000\" width=\"1500\"  itemprop=\"thumbnailUrl\" srcset=\"https:\/\/mediation-roffler.ch\/cms\/wp-content\/uploads\/2020\/07\/Sanna-Mediation-Roffler-Bildvorschl\u00e4ge-Portr\u00e4t-mit-Velo-G_51n_wA-1500x1000.jpeg 1500w, https:\/\/mediation-roffler.ch\/cms\/wp-content\/uploads\/2020\/07\/Sanna-Mediation-Roffler-Bildvorschl\u00e4ge-Portr\u00e4t-mit-Velo-G_51n_wA-300x200.jpeg 300w, https:\/\/mediation-roffler.ch\/cms\/wp-content\/uploads\/2020\/07\/Sanna-Mediation-Roffler-Bildvorschl\u00e4ge-Portr\u00e4t-mit-Velo-G_51n_wA-1030x687.jpeg 1030w, https:\/\/mediation-roffler.ch\/cms\/wp-content\/uploads\/2020\/07\/Sanna-Mediation-Roffler-Bildvorschl\u00e4ge-Portr\u00e4t-mit-Velo-G_51n_wA-768x512.jpeg 768w, https:\/\/mediation-roffler.ch\/cms\/wp-content\/uploads\/2020\/07\/Sanna-Mediation-Roffler-Bildvorschl\u00e4ge-Portr\u00e4t-mit-Velo-G_51n_wA-1536x1024.jpeg 1536w, https:\/\/mediation-roffler.ch\/cms\/wp-content\/uploads\/2020\/07\/Sanna-Mediation-Roffler-Bildvorschl\u00e4ge-Portr\u00e4t-mit-Velo-G_51n_wA-2048x1366.jpeg 2048w, https:\/\/mediation-roffler.ch\/cms\/wp-content\/uploads\/2020\/07\/Sanna-Mediation-Roffler-Bildvorschl\u00e4ge-Portr\u00e4t-mit-Velo-G_51n_wA-705x470.jpeg 705w\" sizes=\"(max-width: 1500px) 100vw, 1500px\" \/><\/div><\/div><\/div><br \/>\n\n<style type=\"text\/css\" data-created_by=\"avia_inline_auto\" id=\"style-css-av-vq2rby-5-09bb83150bbecd83ae5286e1271de2b0\">\n#top .hr.hr-invisible.av-vq2rby-5-09bb83150bbecd83ae5286e1271de2b0{\nheight:50px;\n}\n<\/style>\n<div  class='hr av-vq2rby-5-09bb83150bbecd83ae5286e1271de2b0 hr-invisible  avia-builder-el-7  el_after_av_image  el_before_av_textblock '><span class='hr-inner '><span class=\"hr-inner-style\"><\/span><\/span><\/div><br \/>\n<section  class='av_textblock_section av-vkztom-7950f5fca88dd970a529b0d7877e0a01 '   itemscope=\"itemscope\" itemtype=\"https:\/\/schema.org\/CreativeWork\" ><div class='avia_textblock'  itemprop=\"text\" ><h3><\/h3>\n<h3><\/h3>\n<h3>Zu meiner Person<\/h3>\n<p>Privat bin ich gerne unterwegs in der Natur. Am liebsten zu Fuss, mit dem Velo oder auf dem Wasser.<\/p>\n<p>Bei meiner Arbeit liebe ich es, Dynamik in verfahrene Situationen zu bringen. Seit \u00fcber 20\u00a0Jahren verschafft mir meine Berufst\u00e4tigkeit grosse Befriedigung.<\/p>\n<p>Ich wohne in Winterthur, bin ver\u00adheiratet und habe zwei erwachsene T\u00f6chter.<\/p>\n<\/div><\/section><br \/>\n\n<style type=\"text\/css\" data-created_by=\"avia_inline_auto\" id=\"style-css-av-vq2rby-4-203718896d3ecc039a458bb1a7f2769e\">\n#top .hr.hr-invisible.av-vq2rby-4-203718896d3ecc039a458bb1a7f2769e{\nheight:25px;\n}\n<\/style>\n<div  class='hr av-vq2rby-4-203718896d3ecc039a458bb1a7f2769e hr-invisible  avia-builder-el-9  el_after_av_textblock  avia-builder-el-last '><span class='hr-inner '><span class=\"hr-inner-style\"><\/span><\/span><\/div><\/p><\/div><div class='flex_column_table av-k1yrsh53-b93549b920906878a8ff773815f26c23 sc-av_one_half av-equal-height-column-flextable'>\n<style type=\"text\/css\" data-created_by=\"avia_inline_auto\" id=\"style-css-av-k1yrsh53-b93549b920906878a8ff773815f26c23\">\n.flex_column.av-k1yrsh53-b93549b920906878a8ff773815f26c23{\nborder-width:2px;\nborder-color:#000000;\nborder-style:solid;\nborder-radius:2px 2px 2px 2px;\npadding:15px 15px 0px 15px;\n}\n<\/style>\n<div  class='flex_column av-k1yrsh53-b93549b920906878a8ff773815f26c23 av_one_half  avia-builder-el-10  el_after_av_two_third  el_before_av_one_half  first flex_column_table_cell av-equal-height-column av-align-top  column-top-margin'     ><section  class='av_textblock_section av-vkztom-3-7d03ac4385542ad03406a5d4db8e7f06 '   itemscope=\"itemscope\" itemtype=\"https:\/\/schema.org\/CreativeWork\" ><div class='avia_textblock'  itemprop=\"text\" ><h3>Meine Ausbildung und Berufserfahrung<\/h3>\n<p>Nach Jahren in der Privatwirtschaft studierte ich\u00a0Soziale Arbeit an der <a href=\"https:\/\/www.zhaw.ch\/de\/sozialearbeit\/weiterbildung\/weiterbildung-nach-thema\/?pk_campaign=Adwords-WB-Jahreskampagne\" target=\"_blank\" rel=\"noopener\">ZHAW<\/a>.<\/p>\n<p>In\u00a0den nachfolgenden Jahren sammelte ich Erfahrung in folgenden Bereichen: Station\u00e4rer Kinder- und Jugendbereich, Berufsintegration f\u00fcr Menschen mit gesundheitlicher Einschr\u00e4n\u00adkung, Familienplatzierung und Timeout.<\/p>\n<p>Seit \u00fcber 15 Jahren arbeite ich im <a href=\"https:\/\/www.srg.sg.ch\/de\/\" target=\"_blank\" rel=\"noopener\">Sozialberatungs\u00adzentrum Region Gossau<\/a> und leite seit mehr als 10 Jahren die gesamte Organisation.<\/p>\n<p>Weiter bin ich Mitglied des Mediationsteams der <a href=\"https:\/\/angeordnete-mediation-zh.ch\">Angeordneten Mediation Z\u00fcrich<\/a> und arbeite im Auftrag von Kindesschutzbeh\u00f6rden und Gerichten.<\/p>\n<p>Mein Beratungsverst\u00e4ndnis basiert auf dem\u00a0<a href=\"https:\/\/de.wikipedia.org\/wiki\/L\u00f6sungsorientierter_Ansatz_in_der_Sozialp\u00e4dagogik\" target=\"_blank\" rel=\"noopener\">l\u00f6sungs\u00adorientierten Ansatz<\/a>. Ich arbeite vernetzt; bei Bedarf in<br \/>\nCo-Mediation oder mit juristischen Fachpersonen.<\/p>\n<\/div><\/section><\/div><div class='av-flex-placeholder'><\/div>\n<style type=\"text\/css\" data-created_by=\"avia_inline_auto\" id=\"style-css-av-k1yrsh53-2-345043be287ca693c1f2074df0ebb9d3\">\n.flex_column.av-k1yrsh53-2-345043be287ca693c1f2074df0ebb9d3{\nborder-width:2px;\nborder-color:#000000;\nborder-style:solid;\nborder-radius:2px 2px 2px 2px;\npadding:15px 15px 0px 15px;\n}\n<\/style>\n<div  class='flex_column av-k1yrsh53-2-345043be287ca693c1f2074df0ebb9d3 av_one_half  avia-builder-el-12  el_after_av_one_half  avia-builder-el-last  flex_column_table_cell av-equal-height-column av-align-top  column-top-margin'     ><section  class='av_textblock_section av-vkztom-1-0d13eaf0563d1125a0e41acbb3a6f509 '   itemscope=\"itemscope\" itemtype=\"https:\/\/schema.org\/CreativeWork\" ><div class='avia_textblock'  itemprop=\"text\" ><h3>Meine Referenzen und mein Netzwerk<\/h3>\n<p>Qualifikationen:<br \/>\n\u2022 <a href=\"https:\/\/www.zhaw.ch\/de\/sozialearbeit\/studium\/\" target=\"_blank\" rel=\"noopener\">Bachelor of Science ZHAW in Sozialer Arbeit<\/a><br \/>\n\u2022 <a href=\"https:\/\/www.dgsf.org\" target=\"_blank\" rel=\"noopener\">Familien- und Paar-Therapie DGSF<\/a><br \/>\n\u2022 <a href=\"https:\/\/www.familienmediation.ch\/de\/\" target=\"_blank\" rel=\"noopener\">Mediation FSM<\/a><br \/>\n<span style=\"color: #ffffff;\">\u2022<\/span> <a href=\"https:\/\/www.familienmediation.ch\/de\/\">mit Spezialisierung in Familienmediation<\/a><br \/>\n\u2022 <a href=\"https:\/\/www.multifamilienarbeit.ch\" target=\"_blank\" rel=\"noopener\">Multifamilienarbeit <\/a><br \/>\n\u2022 <a href=\"https:\/\/www.fhsg.ch\/de\/weiterbildung\/?gclid=EAIaIQobChMI0sKCj8646gIVEQB7Ch1rRQnNEAAYASAAEgJ8bfD_BwE\" target=\"_blank\" rel=\"noopener\">Leiten von Teams CAS<\/a><br \/>\n\u2022\u00a0<a href=\"https:\/\/mediation-roffler.ch\/cms\/wp-content\/uploads\/2022\/06\/perspectiva-WB-Mediationsanaloger-Supervision.pdf\" target=\"_blank\" rel=\"noopener\">Mediationsanaloge Supervision FSM<\/a><\/p>\n<p>Mitgliedschaften:<\/p>\n<p>\u2022 <a href=\"https:\/\/mediation.ch\">Arbeitskreis Mediation Z\u00fcrich<\/a><br \/>\n\u2022\u00a0<a href=\"https:\/\/www.hofkonflikt.ch\" target=\"_blank\" rel=\"noopener\">Netzwerk Mediation im l\u00e4ndlichen Raum<\/a><br \/>\n\u2022 <a href=\"https:\/\/www.mediation-ch.org\/\" target=\"_blank\" rel=\"noopener\">Schweizerischer Dachverband f\u00fcr Mediation (FSM)<\/a><br \/>\n\u2022 <a href=\"https:\/\/www.familienmediation.ch\/de\/\" target=\"_blank\" rel=\"noopener\">Schweizerischer Verein f\u00fcr Familienmediation<\/a><br \/>\n<span style=\"color: #ffffff;\">\u2022<\/span> <a href=\"https:\/\/www.familienmediation.ch\/de\/\" target=\"_blank\" rel=\"noopener\">(SVFM\/ASMF)<\/a><\/p>\n<p>Vereinsarbeit:<br \/>\n\u2022 <a href=\"https:\/\/www.mediation-ch.org\/\" target=\"_blank\" rel=\"noopener\">Vorstand Schweizerischer Verein f\u00fcr Familienmediation<\/a><br \/>\n<span style=\"color: #ffffff;\">\u2022<\/span> <a href=\"https:\/\/www.mediation-ch.org\/\" target=\"_blank\" rel=\"noopener\">(SVFM\/ASMF)<\/a><\/p>\n<\/div><\/section><\/div><\/div><!--close column table wrapper. Autoclose: 1 -->\n","protected":false},"excerpt":{"rendered":"","protected":false},"author":1,"featured_media":0,"parent":0,"menu_order":0,"comment_status":"closed","ping_status":"closed","template":"","meta":{"footnotes":""},"class_list":["post-3427","page","type-page","status-publish","hentry"],"yoast_head":"<!-- This site is optimized with the Yoast SEO plugin v27.4 - https:\/\/yoast.com\/product\/yoast-seo-wordpress\/ -->\n<title>Portrait - Mediation Roffler<\/title>\n<meta name=\"description\" content=\"Mein Beratungsverst\u00e4ndnis basiert auf dem\u00a0l\u00f6sungs\u00adorientierten Ansatz. Informationen zu meiner Person, Ausbildung, Erfahrung, Referenzen und Netzwerk.\" \/>\n<meta name=\"robots\" content=\"index, follow, max-snippet:-1, max-image-preview:large, max-video-preview:-1\" \/>\n<link rel=\"canonical\" href=\"https:\/\/mediation-roffler.ch\/cms\/portrait\/\" \/>\n<meta property=\"og:locale\" content=\"de_DE\" \/>\n<meta property=\"og:type\" content=\"article\" \/>\n<meta property=\"og:title\" content=\"Portrait - Mediation Roffler\" \/>\n<meta property=\"og:description\" content=\"Mein Beratungsverst\u00e4ndnis basiert auf dem\u00a0l\u00f6sungs\u00adorientierten Ansatz. Informationen zu meiner Person, Ausbildung, Erfahrung, Referenzen und Netzwerk.\" \/>\n<meta property=\"og:url\" content=\"https:\/\/mediation-roffler.ch\/cms\/portrait\/\" \/>\n<meta property=\"og:site_name\" content=\"Mediation Roffler\" \/>\n<meta property=\"article:modified_time\" content=\"2025-12-15T09:48:52+00:00\" \/>\n<meta name=\"twitter:card\" content=\"summary_large_image\" \/>\n<meta name=\"twitter:label1\" content=\"Gesch\u00e4tzte Lesezeit\" \/>\n\t<meta name=\"twitter:data1\" content=\"2\u00a0Minuten\" \/>\n<script type=\"application\/ld+json\" class=\"yoast-schema-graph\">{\"@context\":\"https:\\\/\\\/schema.org\",\"@graph\":[{\"@type\":\"WebPage\",\"@id\":\"https:\\\/\\\/mediation-roffler.ch\\\/cms\\\/portrait\\\/\",\"url\":\"https:\\\/\\\/mediation-roffler.ch\\\/cms\\\/portrait\\\/\",\"name\":\"Portrait - Mediation Roffler\",\"isPartOf\":{\"@id\":\"https:\\\/\\\/mediation-roffler.ch\\\/cms\\\/#website\"},\"datePublished\":\"2019-10-19T10:14:55+00:00\",\"dateModified\":\"2025-12-15T09:48:52+00:00\",\"description\":\"Mein Beratungsverst\u00e4ndnis basiert auf dem\u00a0l\u00f6sungs\u00adorientierten Ansatz. Informationen zu meiner Person, Ausbildung, Erfahrung, Referenzen und Netzwerk.\",\"breadcrumb\":{\"@id\":\"https:\\\/\\\/mediation-roffler.ch\\\/cms\\\/portrait\\\/#breadcrumb\"},\"inLanguage\":\"de-CH\",\"potentialAction\":[{\"@type\":\"ReadAction\",\"target\":[\"https:\\\/\\\/mediation-roffler.ch\\\/cms\\\/portrait\\\/\"]}]},{\"@type\":\"BreadcrumbList\",\"@id\":\"https:\\\/\\\/mediation-roffler.ch\\\/cms\\\/portrait\\\/#breadcrumb\",\"itemListElement\":[{\"@type\":\"ListItem\",\"position\":1,\"name\":\"Home\",\"item\":\"https:\\\/\\\/mediation-roffler.ch\\\/cms\\\/\"},{\"@type\":\"ListItem\",\"position\":2,\"name\":\"Portrait\"}]},{\"@type\":\"WebSite\",\"@id\":\"https:\\\/\\\/mediation-roffler.ch\\\/cms\\\/#website\",\"url\":\"https:\\\/\\\/mediation-roffler.ch\\\/cms\\\/\",\"name\":\"Mediation Roffler\",\"description\":\"Mediation und Coaching\",\"publisher\":{\"@id\":\"https:\\\/\\\/mediation-roffler.ch\\\/cms\\\/#organization\"},\"potentialAction\":[{\"@type\":\"SearchAction\",\"target\":{\"@type\":\"EntryPoint\",\"urlTemplate\":\"https:\\\/\\\/mediation-roffler.ch\\\/cms\\\/?s={search_term_string}\"},\"query-input\":{\"@type\":\"PropertyValueSpecification\",\"valueRequired\":true,\"valueName\":\"search_term_string\"}}],\"inLanguage\":\"de-CH\"},{\"@type\":\"Organization\",\"@id\":\"https:\\\/\\\/mediation-roffler.ch\\\/cms\\\/#organization\",\"name\":\"Mediation Roffler\",\"url\":\"https:\\\/\\\/mediation-roffler.ch\\\/cms\\\/\",\"logo\":{\"@type\":\"ImageObject\",\"inLanguage\":\"de-CH\",\"@id\":\"https:\\\/\\\/mediation-roffler.ch\\\/cms\\\/#\\\/schema\\\/logo\\\/image\\\/\",\"url\":\"https:\\\/\\\/mediation-roffler.ch\\\/cms\\\/wp-content\\\/uploads\\\/2019\\\/10\\\/logo-1.png\",\"contentUrl\":\"https:\\\/\\\/mediation-roffler.ch\\\/cms\\\/wp-content\\\/uploads\\\/2019\\\/10\\\/logo-1.png\",\"width\":440,\"height\":71,\"caption\":\"Mediation Roffler\"},\"image\":{\"@id\":\"https:\\\/\\\/mediation-roffler.ch\\\/cms\\\/#\\\/schema\\\/logo\\\/image\\\/\"}}]}<\/script>\n<!-- \/ Yoast SEO plugin. -->","yoast_head_json":{"title":"Portrait - Mediation Roffler","description":"Mein Beratungsverst\u00e4ndnis basiert auf dem\u00a0l\u00f6sungs\u00adorientierten Ansatz. Informationen zu meiner Person, Ausbildung, Erfahrung, Referenzen und Netzwerk.","robots":{"index":"index","follow":"follow","max-snippet":"max-snippet:-1","max-image-preview":"max-image-preview:large","max-video-preview":"max-video-preview:-1"},"canonical":"https:\/\/mediation-roffler.ch\/cms\/portrait\/","og_locale":"de_DE","og_type":"article","og_title":"Portrait - Mediation Roffler","og_description":"Mein Beratungsverst\u00e4ndnis basiert auf dem\u00a0l\u00f6sungs\u00adorientierten Ansatz. Informationen zu meiner Person, Ausbildung, Erfahrung, Referenzen und Netzwerk.","og_url":"https:\/\/mediation-roffler.ch\/cms\/portrait\/","og_site_name":"Mediation Roffler","article_modified_time":"2025-12-15T09:48:52+00:00","twitter_card":"summary_large_image","twitter_misc":{"Gesch\u00e4tzte Lesezeit":"2\u00a0Minuten"},"schema":{"@context":"https:\/\/schema.org","@graph":[{"@type":"WebPage","@id":"https:\/\/mediation-roffler.ch\/cms\/portrait\/","url":"https:\/\/mediation-roffler.ch\/cms\/portrait\/","name":"Portrait - Mediation Roffler","isPartOf":{"@id":"https:\/\/mediation-roffler.ch\/cms\/#website"},"datePublished":"2019-10-19T10:14:55+00:00","dateModified":"2025-12-15T09:48:52+00:00","description":"Mein Beratungsverst\u00e4ndnis basiert auf dem\u00a0l\u00f6sungs\u00adorientierten Ansatz. Informationen zu meiner Person, Ausbildung, Erfahrung, Referenzen und Netzwerk.","breadcrumb":{"@id":"https:\/\/mediation-roffler.ch\/cms\/portrait\/#breadcrumb"},"inLanguage":"de-CH","potentialAction":[{"@type":"ReadAction","target":["https:\/\/mediation-roffler.ch\/cms\/portrait\/"]}]},{"@type":"BreadcrumbList","@id":"https:\/\/mediation-roffler.ch\/cms\/portrait\/#breadcrumb","itemListElement":[{"@type":"ListItem","position":1,"name":"Home","item":"https:\/\/mediation-roffler.ch\/cms\/"},{"@type":"ListItem","position":2,"name":"Portrait"}]},{"@type":"WebSite","@id":"https:\/\/mediation-roffler.ch\/cms\/#website","url":"https:\/\/mediation-roffler.ch\/cms\/","name":"Mediation Roffler","description":"Mediation und Coaching","publisher":{"@id":"https:\/\/mediation-roffler.ch\/cms\/#organization"},"potentialAction":[{"@type":"SearchAction","target":{"@type":"EntryPoint","urlTemplate":"https:\/\/mediation-roffler.ch\/cms\/?s={search_term_string}"},"query-input":{"@type":"PropertyValueSpecification","valueRequired":true,"valueName":"search_term_string"}}],"inLanguage":"de-CH"},{"@type":"Organization","@id":"https:\/\/mediation-roffler.ch\/cms\/#organization","name":"Mediation Roffler","url":"https:\/\/mediation-roffler.ch\/cms\/","logo":{"@type":"ImageObject","inLanguage":"de-CH","@id":"https:\/\/mediation-roffler.ch\/cms\/#\/schema\/logo\/image\/","url":"https:\/\/mediation-roffler.ch\/cms\/wp-content\/uploads\/2019\/10\/logo-1.png","contentUrl":"https:\/\/mediation-roffler.ch\/cms\/wp-content\/uploads\/2019\/10\/logo-1.png","width":440,"height":71,"caption":"Mediation Roffler"},"image":{"@id":"https:\/\/mediation-roffler.ch\/cms\/#\/schema\/logo\/image\/"}}]}},"_links":{"self":[{"href":"https:\/\/mediation-roffler.ch\/cms\/wp-json\/wp\/v2\/pages\/3427","targetHints":{"allow":["GET"]}}],"collection":[{"href":"https:\/\/mediation-roffler.ch\/cms\/wp-json\/wp\/v2\/pages"}],"about":[{"href":"https:\/\/mediation-roffler.ch\/cms\/wp-json\/wp\/v2\/types\/page"}],"author":[{"embeddable":true,"href":"https:\/\/mediation-roffler.ch\/cms\/wp-json\/wp\/v2\/users\/1"}],"replies":[{"embeddable":true,"href":"https:\/\/mediation-roffler.ch\/cms\/wp-json\/wp\/v2\/comments?post=3427"}],"version-history":[{"count":161,"href":"https:\/\/mediation-roffler.ch\/cms\/wp-json\/wp\/v2\/pages\/3427\/revisions"}],"predecessor-version":[{"id":4179,"href":"https:\/\/mediation-roffler.ch\/cms\/wp-json\/wp\/v2\/pages\/3427\/revisions\/4179"}],"wp:attachment":[{"href":"https:\/\/mediation-roffler.ch\/cms\/wp-json\/wp\/v2\/media?parent=3427"}],"curies":[{"name":"wp","href":"https:\/\/api.w.org\/{rel}","templated":true}]}}