{"id":3417,"date":"2019-10-19T12:07:15","date_gmt":"2019-10-19T10:07:15","guid":{"rendered":"https:\/\/mediation-roffler.ch\/cms\/?page_id=3417"},"modified":"2025-12-15T11:05:48","modified_gmt":"2025-12-15T10:05:48","slug":"angebot","status":"publish","type":"page","link":"https:\/\/mediation-roffler.ch\/cms\/angebot\/","title":{"rendered":"Angebot"},"content":{"rendered":"\n<style type=\"text\/css\" data-created_by=\"avia_inline_auto\" id=\"style-css-av-ki2di-c28657104fa53b0615c6bd962acc8dca\">\n.avia-section.av-ki2di-c28657104fa53b0615c6bd962acc8dca{\nbackground-repeat:no-repeat;\nbackground-image:url(https:\/\/mediation-roffler.ch\/cms\/wp-content\/uploads\/2019\/10\/IMG_1095-1-509x1030.jpg);\nbackground-position:100% 0%;\nbackground-attachment:scroll;\n}\n<\/style>\n<div id='av_section_1'  class='avia-section av-ki2di-c28657104fa53b0615c6bd962acc8dca main_color avia-section-default avia-no-border-styling  avia-builder-el-0  avia-builder-el-no-sibling  avia-bg-style-scroll container_wrap fullsize'  data-section-bg-repeat='no-repeat'><div class='container av-section-cont-open' ><main  role=\"main\" itemprop=\"mainContentOfPage\"  class='template-page content  av-content-full alpha units'><div class='post-entry post-entry-type-page post-entry-3417'><div class='entry-content-wrapper clearfix'>\n\n<style type=\"text\/css\" data-created_by=\"avia_inline_auto\" id=\"style-css-av-e38ym-f449b519a4fc4e9f33c965b531d4e02c\">\n.flex_column.av-e38ym-f449b519a4fc4e9f33c965b531d4e02c{\nborder-radius:0px 0px 0px 0px;\npadding:0px 0px 0px 0px;\nbackground-color:rgba(255,255,255,0.3);\n}\n<\/style>\n<div  class='flex_column av-e38ym-f449b519a4fc4e9f33c965b531d4e02c av_two_third  avia-builder-el-1  el_before_av_one_third  avia-builder-el-first  first av-break-at-tablet flex_column_div av-zero-column-padding  '     ><p>\n<style type=\"text\/css\" data-created_by=\"avia_inline_auto\" id=\"style-css-av-vq2rby-7510b8f202872c1115f3154401b0813a\">\n#top .hr.hr-invisible.av-vq2rby-7510b8f202872c1115f3154401b0813a{\nheight:100px;\n}\n<\/style>\n<div  class='hr av-vq2rby-7510b8f202872c1115f3154401b0813a hr-invisible  avia-builder-el-2  el_before_av_textblock  avia-builder-el-first  av-mini-hide'><span class='hr-inner '><span class=\"hr-inner-style\"><\/span><\/span><\/div><br \/>\n<section  class='av_textblock_section av-k1w970kz-e82900995e71ec9623dd7a1fcac6a4d9 '   itemscope=\"itemscope\" itemtype=\"https:\/\/schema.org\/CreativeWork\" ><div class='avia_textblock'  itemprop=\"text\" ><h1>M\u00f6chten Sie weiter kommen?<\/h1>\n<\/div><\/section><br \/>\n\n<style type=\"text\/css\" data-created_by=\"avia_inline_auto\" id=\"style-css-av-vq2rby-15-d2f97c850ac2c2ab6b2f02c630487cf2\">\n#top .hr.av-vq2rby-15-d2f97c850ac2c2ab6b2f02c630487cf2{\nmargin-top:15px;\nmargin-bottom:30px;\n}\n.hr.av-vq2rby-15-d2f97c850ac2c2ab6b2f02c630487cf2 .hr-inner{\nwidth:50px;\nborder-color:#b0b0b0;\n}\n<\/style>\n<div  class='hr av-vq2rby-15-d2f97c850ac2c2ab6b2f02c630487cf2 hr-custom  avia-builder-el-4  el_after_av_textblock  el_before_av_image  hr-left hr-icon-no'><span class='hr-inner inner-border-av-border-fat'><span class=\"hr-inner-style\"><\/span><\/span><\/div><br \/>\n\n<style type=\"text\/css\" data-created_by=\"avia_inline_auto\" id=\"style-css-av-k2itqvlp-a1f7d8e2dc1b70db2aecffc0efea49bb\">\n.avia-image-container.av-k2itqvlp-a1f7d8e2dc1b70db2aecffc0efea49bb img.avia_image{\nbox-shadow:none;\n}\n.avia-image-container.av-k2itqvlp-a1f7d8e2dc1b70db2aecffc0efea49bb .av-image-caption-overlay-center{\ncolor:#ffffff;\n}\n<\/style>\n<div  class='avia-image-container av-k2itqvlp-a1f7d8e2dc1b70db2aecffc0efea49bb av-styling- avia-align-left  avia-builder-el-5  el_after_av_hr  el_before_av_hr '   itemprop=\"image\" itemscope=\"itemscope\" itemtype=\"https:\/\/schema.org\/ImageObject\" ><div class=\"avia-image-container-inner\"><div class=\"avia-image-overlay-wrap\"><img decoding=\"async\" fetchpriority=\"high\" class='wp-image-4021 avia-img-lazy-loading-not-4021 avia_image ' src=\"https:\/\/mediation-roffler.ch\/cms\/wp-content\/uploads\/2020\/07\/IzUMLWLw-1500x1000.jpg\" alt='Mediation Roffler' title='Angebot'  height=\"1000\" width=\"1500\"  itemprop=\"thumbnailUrl\" srcset=\"https:\/\/mediation-roffler.ch\/cms\/wp-content\/uploads\/2020\/07\/IzUMLWLw-1500x1000.jpg 1500w, https:\/\/mediation-roffler.ch\/cms\/wp-content\/uploads\/2020\/07\/IzUMLWLw-300x200.jpg 300w, https:\/\/mediation-roffler.ch\/cms\/wp-content\/uploads\/2020\/07\/IzUMLWLw-1030x687.jpg 1030w, https:\/\/mediation-roffler.ch\/cms\/wp-content\/uploads\/2020\/07\/IzUMLWLw-768x512.jpg 768w, https:\/\/mediation-roffler.ch\/cms\/wp-content\/uploads\/2020\/07\/IzUMLWLw-1536x1024.jpg 1536w, https:\/\/mediation-roffler.ch\/cms\/wp-content\/uploads\/2020\/07\/IzUMLWLw-2048x1366.jpg 2048w, https:\/\/mediation-roffler.ch\/cms\/wp-content\/uploads\/2020\/07\/IzUMLWLw-705x470.jpg 705w\" sizes=\"(max-width: 1500px) 100vw, 1500px\" \/><\/div><\/div><\/div><br \/>\n\n<style type=\"text\/css\" data-created_by=\"avia_inline_auto\" id=\"style-css-av-vq2rby-14-bffccf21d9a68f85638ece33bef3e516\">\n#top .hr.hr-invisible.av-vq2rby-14-bffccf21d9a68f85638ece33bef3e516{\nheight:50px;\n}\n<\/style>\n<div  class='hr av-vq2rby-14-bffccf21d9a68f85638ece33bef3e516 hr-invisible  avia-builder-el-6  el_after_av_image  el_before_av_textblock '><span class='hr-inner '><span class=\"hr-inner-style\"><\/span><\/span><\/div><br \/>\n<section  class='av_textblock_section av-vkztom-7950f5fca88dd970a529b0d7877e0a01 '   itemscope=\"itemscope\" itemtype=\"https:\/\/schema.org\/CreativeWork\" ><div class='avia_textblock'  itemprop=\"text\" ><h3>Meine Arbeitsweise<\/h3>\n<p><a href=\"https:\/\/mediation-roffler.ch\/cms\/portrait\/\">Als Mediatorin begleite ich den Prozess<\/a> ohne Partei zu ergreifen. Im Mittelpunkt stehen Ihre Bed\u00fcrfnisse, Erwartungen und W\u00fcnsche. Ich strukturiere den Ablauf, behalten den \u00dcberblick und helfe, wichtige Inhalte auf den Punkt zu bringen. Auf Wunsch\u00a0gebe ich Inputs f\u00fcr Vorgehen oder Umsetzung.<\/p>\n<p>Dabei fokussieren wir uns auf zwischenmenschliche Themen und nicht auf juristische Fragen. Das Ziel ist, eine f\u00fcr alle Parteien lebbare Verein\u00adbarung zu treffen. Ich unterliege der Schweigepflicht.<\/p>\n<p>Durch Ihre Offenheit erhalten pers\u00f6nliche Anliegen Raum. Wir suchen gemeinsam nach L\u00f6sungen. Diese sollen den Bed\u00fcrfnissen aller Beteiligten entsprechen. Lassen Sie sich auf einen konstruktiven Prozess ein. <a href=\"https:\/\/mediation-roffler.ch\/cms\/kontakt\/\">Nehmen Sie aktiv daran teil. <\/a><a href=\"https:\/\/mediation-roffler.ch\/cms\/kontakt\/\">Auch Online-Mediation m\u00f6glich.<\/a><\/p>\n<\/div><\/section><br \/>\n\n<style type=\"text\/css\" data-created_by=\"avia_inline_auto\" id=\"style-css-av-vq2rby-13-48fd7b03f3237c9d0f0bea2b045126ae\">\n#top .hr.av-vq2rby-13-48fd7b03f3237c9d0f0bea2b045126ae{\nmargin-top:15px;\nmargin-bottom:30px;\n}\n.hr.av-vq2rby-13-48fd7b03f3237c9d0f0bea2b045126ae .hr-inner{\nwidth:50px;\nborder-color:#b0b0b0;\n}\n<\/style>\n<div  class='hr av-vq2rby-13-48fd7b03f3237c9d0f0bea2b045126ae hr-custom  avia-builder-el-8  el_after_av_textblock  el_before_av_textblock  hr-left hr-icon-no'><span class='hr-inner inner-border-av-border-fat'><span class=\"hr-inner-style\"><\/span><\/span><\/div><br \/>\n<section  class='av_textblock_section av-vkztom-12-144c89d9cc8a8a58e33dbda51d0d7eb9 '   itemscope=\"itemscope\" itemtype=\"https:\/\/schema.org\/CreativeWork\" ><div class='avia_textblock'  itemprop=\"text\" ><h3>Meine Konditionen<\/h3>\n<p>Mein Stundenansatz betr\u00e4gt 180 Franken<br \/>\nund richtet sich nach Empfehlungen des <a href=\"https:\/\/www.mediation-ch.org\" target=\"_blank\" rel=\"noopener\">Dachverbandes.<\/a><\/p>\n<p>Bitte beachten Sie, dass eine Mediationseinheit 90 Minuten dauert.<br \/>\nAllenfalls kommt noch eine Wegpauschale dazu.<\/p>\n<p>Die Dauer richtet sich nach der Komplexit\u00e4t des Konfliktes.<br \/>\nErfahrungsgem\u00e4ss sind 1 bis 6 Sitzungen notwendig.<\/p>\n<p>Termine, die weniger als 24 Stunden im Voraus abgesagt werden,<br \/>\nwerden vollumf\u00e4nglich verrechnet.<\/p>\n<\/div><\/section><\/p><\/div>\n<style type=\"text\/css\" data-created_by=\"avia_inline_auto\" id=\"style-css-av-e38ym-16-e7210b3fcb305666c0e2dacfef414534\">\n.flex_column.av-e38ym-16-e7210b3fcb305666c0e2dacfef414534{\nborder-radius:0px 0px 0px 0px;\npadding:0px 0px 0px 0px;\n}\n<\/style>\n<div  class='flex_column av-e38ym-16-e7210b3fcb305666c0e2dacfef414534 av_one_third  avia-builder-el-10  el_after_av_two_third  el_before_av_hr  av-break-at-tablet flex_column_div av-hide-on-mobile av-zero-column-padding  '     ><\/div>\n<style type=\"text\/css\" data-created_by=\"avia_inline_auto\" id=\"style-css-av-av_hr-ee0486b7b7507a56456ad0440f345723\">\n#top .hr.av-av_hr-ee0486b7b7507a56456ad0440f345723{\nmargin-top:15px;\nmargin-bottom:30px;\n}\n.hr.av-av_hr-ee0486b7b7507a56456ad0440f345723 .hr-inner{\nwidth:50px;\nborder-color:#b0b0b0;\n}\n<\/style>\n<div  class='hr av-av_hr-ee0486b7b7507a56456ad0440f345723 hr-custom  avia-builder-el-11  el_after_av_one_third  el_before_av_textblock  hr-left hr-icon-no'><span class='hr-inner inner-border-av-border-fat'><span class=\"hr-inner-style\"><\/span><\/span><\/div>\n<section  class='av_textblock_section av-mj6zlhuq-397aa3812135c1541c995cf1abab2611 '   itemscope=\"itemscope\" itemtype=\"https:\/\/schema.org\/CreativeWork\" ><div class='avia_textblock'  itemprop=\"text\" ><h3>Mein Angebot<\/h3>\n<\/div><\/section>\n\n<style type=\"text\/css\" data-created_by=\"avia_inline_auto\" id=\"style-css-av-a4as9l-3-65c59c8b9e181c39b8cae8eadd159439\">\n.flex_column.av-a4as9l-3-65c59c8b9e181c39b8cae8eadd159439{\nborder-width:2px;\nborder-color:#000000;\nborder-style:solid;\nborder-radius:2px 2px 2px 2px;\npadding:15px 15px 0px 15px;\n}\n<\/style>\n<div  class='flex_column av-a4as9l-3-65c59c8b9e181c39b8cae8eadd159439 av_one_half  avia-builder-el-13  el_after_av_textblock  el_before_av_one_half  first flex_column_div  column-top-margin'     ><section  class='av_textblock_section av-vkztom-2-b71dcfe4a5b349d8da5fe62d819b3406 '   itemscope=\"itemscope\" itemtype=\"https:\/\/schema.org\/CreativeWork\" ><div class='avia_textblock'  itemprop=\"text\" ><h3>Paarkonflikt<\/h3>\n<p>Wollen Sie gemeinsam neue Wege gehen oder<br \/>\nsich einzeln neu orientieren?<\/p>\n<p>Neue Verhaltensmuster k\u00f6nnen neue Perspektiven als Paar schaffen. Eine Trennung ist ein tiefer Einschnitt im Leben und auch ein Neuanfang.<\/p>\n<\/div><\/section><\/div>\n<style type=\"text\/css\" data-created_by=\"avia_inline_auto\" id=\"style-css-av-9pnqi1-76a6f4bd1d2ee6b97c31077ea3cf7ee6\">\n.flex_column.av-9pnqi1-76a6f4bd1d2ee6b97c31077ea3cf7ee6{\nborder-width:2px;\nborder-color:#000000;\nborder-style:solid;\nborder-radius:2px 2px 2px 2px;\npadding:15px 15px 0px 15px;\n}\n<\/style>\n<div  class='flex_column av-9pnqi1-76a6f4bd1d2ee6b97c31077ea3cf7ee6 av_one_half  avia-builder-el-15  el_after_av_one_half  el_before_av_one_half  flex_column_div  column-top-margin'     ><section  class='av_textblock_section av-vkztom-10-df3f5ac81d2ac00feafcb47ea3e6f607 '   itemscope=\"itemscope\" itemtype=\"https:\/\/schema.org\/CreativeWork\" ><div class='avia_textblock'  itemprop=\"text\" ><h3>Familienkonflikt<\/h3>\n<p>Ist jetzt Loslassen oder Festhalten wichtiger?<\/p>\n<p>Bei der Kindererziehung ist eine gemeinsame Linie hilfreich. Es gibt zudem Situationen, in denen sich eine Familie neu orientieren muss. Eine Analyse der Situation schafft Klarheit.<\/p>\n<\/div><\/section><\/div>\n<style type=\"text\/css\" data-created_by=\"avia_inline_auto\" id=\"style-css-av-a4as9l-5-41821ce6438359dbca3c4f1726d463de\">\n.flex_column.av-a4as9l-5-41821ce6438359dbca3c4f1726d463de{\nborder-width:2px;\nborder-color:#000000;\nborder-style:solid;\nborder-radius:2px 2px 2px 2px;\npadding:15px 15px 0px 15px;\n}\n<\/style>\n<div  class='flex_column av-a4as9l-5-41821ce6438359dbca3c4f1726d463de av_one_half  avia-builder-el-17  el_after_av_one_half  el_before_av_one_half  first flex_column_div  column-top-margin'     ><section  class='av_textblock_section av-vkztom-4-a794a1fde6058797b5bb779d5a6c9f81 '   itemscope=\"itemscope\" itemtype=\"https:\/\/schema.org\/CreativeWork\" ><div class='avia_textblock'  itemprop=\"text\" ><h3>Generationenkonflikt<\/h3>\n<p>Setzen Sie auf Best\u00e4ndigkeit oder<br \/>\nwagen Sie Ver\u00e4nderung?<\/p>\n<p>Dieses Thema wird nur ungern angesprochen. Es l\u00f6st starke Emotionen aus. Das Ziel ist, zu deeskalieren, Autonomie zu erhalten und Beziehungen zu st\u00e4rken.<\/p>\n<\/div><\/section><\/div>\n<style type=\"text\/css\" data-created_by=\"avia_inline_auto\" id=\"style-css-av-9pnqi1-9-6daeb7378406de473fdeee0a31036999\">\n.flex_column.av-9pnqi1-9-6daeb7378406de473fdeee0a31036999{\nborder-width:2px;\nborder-color:#000000;\nborder-style:solid;\nborder-radius:2px 2px 2px 2px;\npadding:15px 15px 0px 15px;\n}\n<\/style>\n<div  class='flex_column av-9pnqi1-9-6daeb7378406de473fdeee0a31036999 av_one_half  avia-builder-el-19  el_after_av_one_half  el_before_av_one_half  flex_column_div  column-top-margin'     ><section  class='av_textblock_section av-vkztom-8-84bbff90eea0ce587771b7e038b54a2f '   itemscope=\"itemscope\" itemtype=\"https:\/\/schema.org\/CreativeWork\" ><div class='avia_textblock'  itemprop=\"text\" ><h3>Herausforderung Patchworkfamilie<\/h3>\n<p>M\u00f6chten Sie Ihr Zusammenleben und<br \/>\ndie verschiedenen Rollen reflektieren?<\/p>\n<p>Es sind viele unterschiedliche Bed\u00fcrfnisse zu erf\u00fcllen. Beweglichkeit und Perspektivenwechsel helfen Konflikte zu vermeiden oder zu entspannen.<\/p>\n<\/div><\/section><\/div>\n<style type=\"text\/css\" data-created_by=\"avia_inline_auto\" id=\"style-css-av-a4as9l-5c17a9224d3258eab6306a5bb9b2add4\">\n.flex_column.av-a4as9l-5c17a9224d3258eab6306a5bb9b2add4{\nborder-width:2px;\nborder-color:#000000;\nborder-style:solid;\nborder-radius:2px 2px 2px 2px;\npadding:15px 15px 0px 15px;\n}\n<\/style>\n<div  class='flex_column av-a4as9l-5c17a9224d3258eab6306a5bb9b2add4 av_one_half  avia-builder-el-21  el_after_av_one_half  el_before_av_one_half  first flex_column_div  column-top-margin'     ><section  class='av_textblock_section av-vkztom-6-ef64e8a89ea6e2d4710c62dbcb46baf1 '   itemscope=\"itemscope\" itemtype=\"https:\/\/schema.org\/CreativeWork\" ><div class='avia_textblock'  itemprop=\"text\" ><h3>Sorgerechtsstreit<\/h3>\n<p>Sind Sie sich uneinig,<br \/>\nwas das Beste f\u00fcr Ihr Kind ist?<\/p>\n<p>Nach einer Trennung ist die Kommunikation oft schwierig. Zudem sind die Bed\u00fcrfnisse und Ansichten sehr unterschiedlich. Es hilft, die Fragen sachlich anzugehen.<\/p>\n<\/div><\/section><\/div>\n<style type=\"text\/css\" data-created_by=\"avia_inline_auto\" id=\"style-css-av-9pnqi1-7-de5b482bc7c91b9c0e57c95e76c81f98\">\n.flex_column.av-9pnqi1-7-de5b482bc7c91b9c0e57c95e76c81f98{\nborder-width:2px;\nborder-color:#000000;\nborder-style:solid;\nborder-radius:2px 2px 2px 2px;\npadding:15px 15px 0px 15px;\n}\n<\/style>\n<div  class='flex_column av-9pnqi1-7-de5b482bc7c91b9c0e57c95e76c81f98 av_one_half  avia-builder-el-23  el_after_av_one_half  el_before_av_hr  flex_column_div  column-top-margin'     ><section  class='av_textblock_section av-vkztom-1-4f3a623000da0b81e9974d8506dfc96d '   itemscope=\"itemscope\" itemtype=\"https:\/\/schema.org\/CreativeWork\" ><div class='avia_textblock'  itemprop=\"text\" ><h3>Nachbarschaftskonflikt<\/h3>\n<p>Treffen unterschiedliche Pers\u00f6nlichkeiten und Wertvorstellungen aufeinander?<\/p>\n<p>Wo Menschen zusammenleben, da gibt es immer wieder Abstimmungsbedarf. Eine Verst\u00e4ndigung \u00fcber auftretende Probleme ist oft einfacher auf neutralem Terrain.<\/p>\n<\/div><\/section><\/div>\n<style type=\"text\/css\" data-created_by=\"avia_inline_auto\" id=\"style-css-av-mj6ycysd-f1ccfe375d02b4b9e588ab64764374b4\">\n#top .hr.av-mj6ycysd-f1ccfe375d02b4b9e588ab64764374b4{\nmargin-top:50px;\nmargin-bottom:30px;\n}\n.hr.av-mj6ycysd-f1ccfe375d02b4b9e588ab64764374b4 .hr-inner{\nwidth:50px;\nborder-color:#000000;\n}\n<\/style>\n<div  class='hr av-mj6ycysd-f1ccfe375d02b4b9e588ab64764374b4 hr-custom  avia-builder-el-25  el_after_av_one_half  el_before_av_textblock  hr-left hr-icon-no'><span class='hr-inner inner-border-av-border-fat'><span class=\"hr-inner-style\"><\/span><\/span><\/div>\n<section  class='av_textblock_section av-mj6y1w0w-8b00fa0cc85d6c98de27f0405062738a '   itemscope=\"itemscope\" itemtype=\"https:\/\/schema.org\/CreativeWork\" ><div class='avia_textblock'  itemprop=\"text\" ><h3>Kinderorientierte Elternberatung<\/h3>\n<p>Im Zentrum der Beratung stehen die Perspektive und Bed\u00fcrfnisse des Kindes,<br \/>\nwelche systematisch in die Gespr\u00e4che mit den Eltern einbezogen werden<br \/>\nund die St\u00e4rkung der elterlichen Kooperation.<\/p>\n<\/div><\/section>\n\n<style type=\"text\/css\" data-created_by=\"avia_inline_auto\" id=\"style-css-av-3m3abd-d3da1d9e9ddd8af8bcc3b001148846fe\">\n#top .hr.av-3m3abd-d3da1d9e9ddd8af8bcc3b001148846fe{\nmargin-top:0px;\nmargin-bottom:30px;\n}\n.hr.av-3m3abd-d3da1d9e9ddd8af8bcc3b001148846fe .hr-inner{\nwidth:50px;\nborder-color:#000000;\n}\n<\/style>\n<div  class='hr av-3m3abd-d3da1d9e9ddd8af8bcc3b001148846fe hr-custom  avia-builder-el-27  el_after_av_textblock  el_before_av_textblock  hr-left hr-icon-no'><span class='hr-inner inner-border-av-border-fat'><span class=\"hr-inner-style\"><\/span><\/span><\/div>\n<section  class='av_textblock_section av-28qnzd-e42cea97dde7a79827f22e145475351d '   itemscope=\"itemscope\" itemtype=\"https:\/\/schema.org\/CreativeWork\" ><div class='avia_textblock'  itemprop=\"text\" ><h3>Ausbildung von Fachpersonen<\/h3>\n<p>Ich \u00fcbernehmen einzelne Lehrauftr\u00e4ge an Fachhoch\u00adschulen und vermittle dort<br \/>\nmeine Erfahrungen in Familienmediation, systemischer Beratung und Supervision.<\/p>\n<\/div><\/section>\n\n<style type=\"text\/css\" data-created_by=\"avia_inline_auto\" id=\"style-css-av-mj6ykrrf-f059e3732c0e16999e4f611982ca287c\">\n#top .hr.hr-invisible.av-mj6ykrrf-f059e3732c0e16999e4f611982ca287c{\nheight:20px;\n}\n<\/style>\n<div  class='hr av-mj6ykrrf-f059e3732c0e16999e4f611982ca287c hr-invisible  avia-builder-el-29  el_after_av_textblock  el_before_av_textblock '><span class='hr-inner '><span class=\"hr-inner-style\"><\/span><\/span><\/div>\n<section  class='av_textblock_section av-mj6y1erh-b423827197e78ea0ec85e00dd9b60191 '   itemscope=\"itemscope\" itemtype=\"https:\/\/schema.org\/CreativeWork\" ><div class='avia_textblock'  itemprop=\"text\" ><h3>Begleitung Fachpersonen<\/h3>\n<p>Ich biete fall- und prozessorientierte Supervision f\u00fcr Einzelne, Teams und Fachgruppen an,<br \/>\nmit Schwerpunkt auf Reflexion der eigenen Praxis, Kl\u00e4rung von Rollen und Auftr\u00e4gen<br \/>\nsowie St\u00e4rkung professioneller Handlungs\u00adf\u00e4higkeit.<\/p>\n<\/div><\/section>\n\n","protected":false},"excerpt":{"rendered":"","protected":false},"author":1,"featured_media":0,"parent":0,"menu_order":0,"comment_status":"closed","ping_status":"closed","template":"","meta":{"footnotes":""},"class_list":["post-3417","page","type-page","status-publish","hentry"],"yoast_head":"<!-- This site is optimized with the Yoast SEO plugin v27.4 - https:\/\/yoast.com\/product\/yoast-seo-wordpress\/ -->\n<title>Angebot - Mediation Roffler<\/title>\n<meta name=\"description\" content=\"Als Mediatorin begleite ich den Prozess ohne Partei zu ergreifen. Hier finden Sie meine Angebote und Konditionen.\" \/>\n<meta name=\"robots\" content=\"index, follow, max-snippet:-1, max-image-preview:large, max-video-preview:-1\" \/>\n<link rel=\"canonical\" href=\"https:\/\/mediation-roffler.ch\/cms\/angebot\/\" \/>\n<meta property=\"og:locale\" content=\"de_DE\" \/>\n<meta property=\"og:type\" content=\"article\" \/>\n<meta property=\"og:title\" content=\"Angebot - Mediation Roffler\" \/>\n<meta property=\"og:description\" content=\"Als Mediatorin begleite ich den Prozess ohne Partei zu ergreifen. Hier finden Sie meine Angebote und Konditionen.\" \/>\n<meta property=\"og:url\" content=\"https:\/\/mediation-roffler.ch\/cms\/angebot\/\" \/>\n<meta property=\"og:site_name\" content=\"Mediation Roffler\" \/>\n<meta property=\"article:modified_time\" content=\"2025-12-15T10:05:48+00:00\" \/>\n<meta name=\"twitter:card\" content=\"summary_large_image\" \/>\n<meta name=\"twitter:label1\" content=\"Gesch\u00e4tzte Lesezeit\" \/>\n\t<meta name=\"twitter:data1\" content=\"3\u00a0Minuten\" \/>\n<script type=\"application\/ld+json\" class=\"yoast-schema-graph\">{\"@context\":\"https:\\\/\\\/schema.org\",\"@graph\":[{\"@type\":\"WebPage\",\"@id\":\"https:\\\/\\\/mediation-roffler.ch\\\/cms\\\/angebot\\\/\",\"url\":\"https:\\\/\\\/mediation-roffler.ch\\\/cms\\\/angebot\\\/\",\"name\":\"Angebot - Mediation Roffler\",\"isPartOf\":{\"@id\":\"https:\\\/\\\/mediation-roffler.ch\\\/cms\\\/#website\"},\"datePublished\":\"2019-10-19T10:07:15+00:00\",\"dateModified\":\"2025-12-15T10:05:48+00:00\",\"description\":\"Als Mediatorin begleite ich den Prozess ohne Partei zu ergreifen. Hier finden Sie meine Angebote und Konditionen.\",\"breadcrumb\":{\"@id\":\"https:\\\/\\\/mediation-roffler.ch\\\/cms\\\/angebot\\\/#breadcrumb\"},\"inLanguage\":\"de-CH\",\"potentialAction\":[{\"@type\":\"ReadAction\",\"target\":[\"https:\\\/\\\/mediation-roffler.ch\\\/cms\\\/angebot\\\/\"]}]},{\"@type\":\"BreadcrumbList\",\"@id\":\"https:\\\/\\\/mediation-roffler.ch\\\/cms\\\/angebot\\\/#breadcrumb\",\"itemListElement\":[{\"@type\":\"ListItem\",\"position\":1,\"name\":\"Home\",\"item\":\"https:\\\/\\\/mediation-roffler.ch\\\/cms\\\/\"},{\"@type\":\"ListItem\",\"position\":2,\"name\":\"Angebot\"}]},{\"@type\":\"WebSite\",\"@id\":\"https:\\\/\\\/mediation-roffler.ch\\\/cms\\\/#website\",\"url\":\"https:\\\/\\\/mediation-roffler.ch\\\/cms\\\/\",\"name\":\"Mediation Roffler\",\"description\":\"Mediation und Coaching\",\"publisher\":{\"@id\":\"https:\\\/\\\/mediation-roffler.ch\\\/cms\\\/#organization\"},\"potentialAction\":[{\"@type\":\"SearchAction\",\"target\":{\"@type\":\"EntryPoint\",\"urlTemplate\":\"https:\\\/\\\/mediation-roffler.ch\\\/cms\\\/?s={search_term_string}\"},\"query-input\":{\"@type\":\"PropertyValueSpecification\",\"valueRequired\":true,\"valueName\":\"search_term_string\"}}],\"inLanguage\":\"de-CH\"},{\"@type\":\"Organization\",\"@id\":\"https:\\\/\\\/mediation-roffler.ch\\\/cms\\\/#organization\",\"name\":\"Mediation Roffler\",\"url\":\"https:\\\/\\\/mediation-roffler.ch\\\/cms\\\/\",\"logo\":{\"@type\":\"ImageObject\",\"inLanguage\":\"de-CH\",\"@id\":\"https:\\\/\\\/mediation-roffler.ch\\\/cms\\\/#\\\/schema\\\/logo\\\/image\\\/\",\"url\":\"https:\\\/\\\/mediation-roffler.ch\\\/cms\\\/wp-content\\\/uploads\\\/2019\\\/10\\\/logo-1.png\",\"contentUrl\":\"https:\\\/\\\/mediation-roffler.ch\\\/cms\\\/wp-content\\\/uploads\\\/2019\\\/10\\\/logo-1.png\",\"width\":440,\"height\":71,\"caption\":\"Mediation Roffler\"},\"image\":{\"@id\":\"https:\\\/\\\/mediation-roffler.ch\\\/cms\\\/#\\\/schema\\\/logo\\\/image\\\/\"}}]}<\/script>\n<!-- \/ Yoast SEO plugin. -->","yoast_head_json":{"title":"Angebot - Mediation Roffler","description":"Als Mediatorin begleite ich den Prozess ohne Partei zu ergreifen. Hier finden Sie meine Angebote und Konditionen.","robots":{"index":"index","follow":"follow","max-snippet":"max-snippet:-1","max-image-preview":"max-image-preview:large","max-video-preview":"max-video-preview:-1"},"canonical":"https:\/\/mediation-roffler.ch\/cms\/angebot\/","og_locale":"de_DE","og_type":"article","og_title":"Angebot - Mediation Roffler","og_description":"Als Mediatorin begleite ich den Prozess ohne Partei zu ergreifen. Hier finden Sie meine Angebote und Konditionen.","og_url":"https:\/\/mediation-roffler.ch\/cms\/angebot\/","og_site_name":"Mediation Roffler","article_modified_time":"2025-12-15T10:05:48+00:00","twitter_card":"summary_large_image","twitter_misc":{"Gesch\u00e4tzte Lesezeit":"3\u00a0Minuten"},"schema":{"@context":"https:\/\/schema.org","@graph":[{"@type":"WebPage","@id":"https:\/\/mediation-roffler.ch\/cms\/angebot\/","url":"https:\/\/mediation-roffler.ch\/cms\/angebot\/","name":"Angebot - Mediation Roffler","isPartOf":{"@id":"https:\/\/mediation-roffler.ch\/cms\/#website"},"datePublished":"2019-10-19T10:07:15+00:00","dateModified":"2025-12-15T10:05:48+00:00","description":"Als Mediatorin begleite ich den Prozess ohne Partei zu ergreifen. Hier finden Sie meine Angebote und Konditionen.","breadcrumb":{"@id":"https:\/\/mediation-roffler.ch\/cms\/angebot\/#breadcrumb"},"inLanguage":"de-CH","potentialAction":[{"@type":"ReadAction","target":["https:\/\/mediation-roffler.ch\/cms\/angebot\/"]}]},{"@type":"BreadcrumbList","@id":"https:\/\/mediation-roffler.ch\/cms\/angebot\/#breadcrumb","itemListElement":[{"@type":"ListItem","position":1,"name":"Home","item":"https:\/\/mediation-roffler.ch\/cms\/"},{"@type":"ListItem","position":2,"name":"Angebot"}]},{"@type":"WebSite","@id":"https:\/\/mediation-roffler.ch\/cms\/#website","url":"https:\/\/mediation-roffler.ch\/cms\/","name":"Mediation Roffler","description":"Mediation und Coaching","publisher":{"@id":"https:\/\/mediation-roffler.ch\/cms\/#organization"},"potentialAction":[{"@type":"SearchAction","target":{"@type":"EntryPoint","urlTemplate":"https:\/\/mediation-roffler.ch\/cms\/?s={search_term_string}"},"query-input":{"@type":"PropertyValueSpecification","valueRequired":true,"valueName":"search_term_string"}}],"inLanguage":"de-CH"},{"@type":"Organization","@id":"https:\/\/mediation-roffler.ch\/cms\/#organization","name":"Mediation Roffler","url":"https:\/\/mediation-roffler.ch\/cms\/","logo":{"@type":"ImageObject","inLanguage":"de-CH","@id":"https:\/\/mediation-roffler.ch\/cms\/#\/schema\/logo\/image\/","url":"https:\/\/mediation-roffler.ch\/cms\/wp-content\/uploads\/2019\/10\/logo-1.png","contentUrl":"https:\/\/mediation-roffler.ch\/cms\/wp-content\/uploads\/2019\/10\/logo-1.png","width":440,"height":71,"caption":"Mediation Roffler"},"image":{"@id":"https:\/\/mediation-roffler.ch\/cms\/#\/schema\/logo\/image\/"}}]}},"_links":{"self":[{"href":"https:\/\/mediation-roffler.ch\/cms\/wp-json\/wp\/v2\/pages\/3417","targetHints":{"allow":["GET"]}}],"collection":[{"href":"https:\/\/mediation-roffler.ch\/cms\/wp-json\/wp\/v2\/pages"}],"about":[{"href":"https:\/\/mediation-roffler.ch\/cms\/wp-json\/wp\/v2\/types\/page"}],"author":[{"embeddable":true,"href":"https:\/\/mediation-roffler.ch\/cms\/wp-json\/wp\/v2\/users\/1"}],"replies":[{"embeddable":true,"href":"https:\/\/mediation-roffler.ch\/cms\/wp-json\/wp\/v2\/comments?post=3417"}],"version-history":[{"count":133,"href":"https:\/\/mediation-roffler.ch\/cms\/wp-json\/wp\/v2\/pages\/3417\/revisions"}],"predecessor-version":[{"id":4162,"href":"https:\/\/mediation-roffler.ch\/cms\/wp-json\/wp\/v2\/pages\/3417\/revisions\/4162"}],"wp:attachment":[{"href":"https:\/\/mediation-roffler.ch\/cms\/wp-json\/wp\/v2\/media?parent=3417"}],"curies":[{"name":"wp","href":"https:\/\/api.w.org\/{rel}","templated":true}]}}